{"id":606,"date":"2019-05-19T08:29:15","date_gmt":"2019-05-19T08:29:15","guid":{"rendered":"https:\/\/restaurantcancarola.cat\/menu\/"},"modified":"2019-06-03T17:56:36","modified_gmt":"2019-06-03T17:56:36","slug":"menu","status":"publish","type":"page","link":"https:\/\/restaurantcancarola.cat\/es\/menu\/","title":{"rendered":"Men\u00fa"},"content":{"rendered":"\n[et_pb_section fb_built=&#8221;1&#8243; fullwidth=&#8221;on&#8221; custom_padding_last_edited=&#8221;on|tablet&#8221; admin_label=&#8221;section&#8221; _builder_version=&#8221;3.22.3&#8243; background_color=&#8221;#ffffff&#8221; custom_padding_tablet=&#8221;|||&#8221; animation_style=&#8221;slide&#8221; animation_direction=&#8221;top&#8221; animation_intensity_slide=&#8221;15%&#8221; transparent_background=&#8221;off&#8221;][et_pb_fullwidth_header title=&#8221;Nuestro Men\u00fa&#8221; subhead=&#8221;Conoce nuestro men\u00fa diario y de fin de semana&#8221; text_orientation=&#8221;center&#8221; button_one_text=&#8221;CARTA DE PLATOS&#8221; button_one_url=&#8221;https:\/\/restaurantcancarola.cat\/es\/carta-de-platos\/&#8221; background_overlay_color=&#8221;rgba(27,29,30,0.6)&#8221; admin_label=&#8221;Fullwidth-Header&#8221; module_class=&#8221;header_fullwidth_custom container_position&#8221; _builder_version=&#8221;3.22.7&#8243; title_level=&#8221;h2&#8243; title_text_color=&#8221;#ffffff&#8221; title_font_size_tablet=&#8221;55px&#8221; title_font_size_phone=&#8221;35px&#8221; title_font_size_last_edited=&#8221;off|phone&#8221; content_text_color=&#8221;#ffffff&#8221; subhead_text_color=&#8221;#ffffff&#8221; subhead_font_size=&#8221;19px&#8221; subhead_font_size_last_edited=&#8221;off|phone&#8221; background_color=&#8221;#1b1d1e&#8221; background_image=&#8221;https:\/\/restaurantcancarola.cat\/wp-content\/uploads\/2019\/05\/esqueixada-bacalla.jpg&#8221; parallax=&#8221;on&#8221; parallax_method=&#8221;on&#8221; custom_button_one=&#8221;on&#8221; button_one_text_size=&#8221;15&#8243; button_one_text_color=&#8221;#ffffff&#8221; button_one_bg_color=&#8221;rgba(255,255,255,0)&#8221; button_one_border_color=&#8221;#ffffff&#8221; button_one_use_icon=&#8221;off&#8221; button_one_text_color_hover=&#8221;#1d232c&#8221; button_one_border_color_hover=&#8221;#ffffff&#8221; button_one_bg_color_hover=&#8221;#ffffff&#8221; button_one_text_size__hover_enabled=&#8221;off&#8221; button_two_text_size__hover_enabled=&#8221;off&#8221; button_one_text_color__hover_enabled=&#8221;on&#8221; button_one_text_color__hover=&#8221;#1d232c&#8221; button_two_text_color__hover_enabled=&#8221;off&#8221; button_one_border_width__hover_enabled=&#8221;off&#8221; button_two_border_width__hover_enabled=&#8221;off&#8221; button_one_border_color__hover_enabled=&#8221;on&#8221; button_one_border_color__hover=&#8221;#ffffff&#8221; button_two_border_color__hover_enabled=&#8221;off&#8221; button_one_border_radius__hover_enabled=&#8221;off&#8221; button_two_border_radius__hover_enabled=&#8221;off&#8221; button_one_letter_spacing__hover_enabled=&#8221;off&#8221; button_two_letter_spacing__hover_enabled=&#8221;off&#8221; button_one_bg_color__hover_enabled=&#8221;on&#8221; button_one_bg_color__hover=&#8221;#ffffff&#8221; button_two_bg_color__hover_enabled=&#8221;off&#8221;][\/et_pb_fullwidth_header][\/et_pb_section][et_pb_section fb_built=&#8221;1&#8243; admin_label=&#8221;Sezione&#8221; _builder_version=&#8221;3.22.3&#8243; background_color=&#8221;#ffffff&#8221; custom_padding=&#8221;50px||0px|||&#8221; custom_padding_tablet=&#8221;50px||50px|&#8221; padding_mobile=&#8221;on&#8221;][et_pb_row custom_padding=&#8221;5%|||&#8221; padding_mobile=&#8221;off&#8221; custom_margin=&#8221;-49px|auto||auto||&#8221; column_padding_mobile=&#8221;on&#8221; parallax_method_1=&#8221;off&#8221; parallax_method_2=&#8221;off&#8221; custom_css_main_1=&#8221;position: relative;||z-index: 9999;&#8221; disabled_on=&#8221;off|off|&#8221; _builder_version=&#8221;3.22.3&#8243; background_size=&#8221;initial&#8221; background_position=&#8221;top_left&#8221; background_repeat=&#8221;repeat&#8221; min_height=&#8221;179px&#8221;][et_pb_column type=&#8221;4_4&#8243; _builder_version=&#8221;3.0.47&#8243;][et_pb_text admin_label=&#8221;Title-Main&#8221; _builder_version=&#8221;3.22.7&#8243; text_font=&#8221;||||||||&#8221; text_text_color=&#8221;#e02b20&#8243; header_font=&#8221;||||||||&#8221; header_text_align=&#8221;left&#8221; header_text_color=&#8221;#e02b20&#8243; background_size=&#8221;initial&#8221; background_position=&#8221;top_left&#8221; background_repeat=&#8221;repeat&#8221; custom_margin=&#8221;||2%|&#8221; custom_padding=&#8221;||0px|||&#8221;]<h2 style=\"padding-left: 360px; text-align: left;\"><span style=\"color: #e02b20;\">\u00a0\u00a0\u00a0\u00a0\u00a0\u00a0 Men\u00fa diario\r\n<\/span><\/h2>[\/et_pb_text][et_pb_divider divider_weight=&#8221;2px&#8221; _builder_version=&#8221;3.22.7&#8243;][\/et_pb_divider][\/et_pb_column][\/et_pb_row][et_pb_row custom_padding=&#8221;0px||3px|||&#8221; padding_mobile=&#8221;on&#8221; make_equal=&#8221;on&#8221; column_padding_mobile=&#8221;on&#8221; parallax_method_1=&#8221;off&#8221; parallax_method_2=&#8221;off&#8221; parallax_method_3=&#8221;off&#8221; parallax_method_4=&#8221;off&#8221; background_position_1=&#8221;top_left&#8221; background_position_2=&#8221;top_left&#8221; background_position_3=&#8221;top_left&#8221; background_repeat_1=&#8221;no-repeat&#8221; background_repeat_2=&#8221;no-repeat&#8221; background_repeat_3=&#8221;no-repeat&#8221; admin_label=&#8221;Riga&#8221; module_id=&#8221;viewmenu&#8221; _builder_version=&#8221;3.22.3&#8243; background_size=&#8221;initial&#8221; background_position=&#8221;top_left&#8221; background_repeat=&#8221;repeat&#8221; custom_margin_last_edited=&#8221;off|phone&#8221;][et_pb_column type=&#8221;4_4&#8243; _builder_version=&#8221;3.0.47&#8243;][et_pb_text admin_label=&#8221;Title-Main&#8221; _builder_version=&#8221;3.22.7&#8243; text_font=&#8221;||||||||&#8221; text_text_color=&#8221;#e02b20&#8243; header_font=&#8221;||||||||&#8221; header_text_align=&#8221;left&#8221; header_text_color=&#8221;#e02b20&#8243; header_2_font=&#8221;||||||||&#8221; header_3_font=&#8221;||||||||&#8221; header_3_text_color=&#8221;#000000&#8243; background_size=&#8221;initial&#8221; background_position=&#8221;top_left&#8221; background_repeat=&#8221;repeat&#8221; custom_margin=&#8221;||2%|&#8221; custom_padding=&#8221;||0px|||&#8221;]<h3 style=\"padding-left: 360px; text-align: left;\">\u00a0\u00a0\u00a0\u00a0\u00a0\u00a0\u00a0\u00a0\u00a0\u00a0 A escoger<span style=\"color: #e02b20;\">\r\n<\/span><\/h3>[\/et_pb_text][et_pb_text _builder_version=&#8221;3.22.7&#8243; custom_margin=&#8221;||19px|||&#8221;]<p style=\"text-align: center;\">Trinxat (patata, col y panceta)<\/p>\r\n<p style=\"text-align: center;\">Canelones<\/p>\r\n<p style=\"text-align: center;\">Tostadas con anchoas<\/p>\r\n<p style=\"text-align: center;\">Ensalada catalana<\/p>\r\n<p style=\"text-align: center;\">Calamares a la romana<\/p>\r\n<p style=\"text-align: center;\"><\/p>[\/et_pb_text][et_pb_divider color=&#8221;#b2b2b2&#8243; divider_weight=&#8221;1px&#8221; _builder_version=&#8221;3.22.7&#8243; width=&#8221;43%&#8221; module_alignment=&#8221;center&#8221; custom_margin=&#8221;||7px|||&#8221; custom_padding=&#8221;||1px|||&#8221;][\/et_pb_divider][et_pb_text _builder_version=&#8221;3.22.7&#8243; custom_margin=&#8221;||-1px|||&#8221; custom_padding=&#8221;0px||0px|||&#8221;]<p style=\"text-align: center;\">Bistec de mediana<\/p>\r\n<p style=\"text-align: center;\">Calamares a la placha<\/p>\r\n<p style=\"text-align: center;\">Pies de cerdo gratinados<\/p>\r\n<p style=\"text-align: center;\">Conejo a la brasa<\/p>\r\n<p style=\"text-align: center;\">Butifarra de perol con jud\u00edas<\/p>\r\n<p style=\"text-align: center;\"><\/p>[\/et_pb_text][et_pb_divider color=&#8221;#b2b2b2&#8243; divider_weight=&#8221;1px&#8221; _builder_version=&#8221;3.22.7&#8243; width=&#8221;43%&#8221; module_alignment=&#8221;center&#8221; custom_padding=&#8221;||1px|||&#8221;][\/et_pb_divider][\/et_pb_column][\/et_pb_row][et_pb_row custom_padding=&#8221;0px|||||&#8221; padding_mobile=&#8221;on&#8221; make_equal=&#8221;on&#8221; column_padding_mobile=&#8221;on&#8221; parallax_method_1=&#8221;off&#8221; parallax_method_2=&#8221;off&#8221; parallax_method_3=&#8221;off&#8221; parallax_method_4=&#8221;off&#8221; background_position_1=&#8221;top_left&#8221; background_position_2=&#8221;top_left&#8221; background_position_3=&#8221;top_left&#8221; background_repeat_1=&#8221;no-repeat&#8221; background_repeat_2=&#8221;no-repeat&#8221; background_repeat_3=&#8221;no-repeat&#8221; admin_label=&#8221;Riga&#8221; module_id=&#8221;viewmenu&#8221; _builder_version=&#8221;3.22.3&#8243; background_size=&#8221;initial&#8221; background_position=&#8221;top_left&#8221; background_repeat=&#8221;repeat&#8221; custom_margin_last_edited=&#8221;off|phone&#8221;][et_pb_column type=&#8221;4_4&#8243; _builder_version=&#8221;3.0.47&#8243;][et_pb_text _builder_version=&#8221;3.22.7&#8243;]<p style=\"text-align: center;\"><em>Postres, pan, vino y agua\u00a0<\/em><\/p>\r\n<p style=\"text-align: center;\"><\/p>[\/et_pb_text][et_pb_button button_url=&#8221;https:\/\/restaurantcancarola.cat\/es\/carta-de-platos\/&#8221; button_text=&#8221;carta de platos&#8221; button_alignment=&#8221;center&#8221; disabled_on=&#8221;on|on|&#8221; admin_label=&#8221;Button (visible only desktop)&#8221; module_class=&#8221;button_custom&#8221; _builder_version=&#8221;3.22.7&#8243; custom_button=&#8221;on&#8221; button_text_color=&#8221;#e02b20&#8243; button_font=&#8221;||||||||&#8221; button_icon=&#8221;%%3%%&#8221; button_icon_color=&#8221;#ffffff&#8221; animation_style=&#8221;slide&#8221; animation_direction=&#8221;bottom&#8221; button_text_size__hover_enabled=&#8221;off&#8221; button_one_text_size__hover_enabled=&#8221;off&#8221; button_two_text_size__hover_enabled=&#8221;off&#8221; button_text_color__hover_enabled=&#8221;off&#8221; button_one_text_color__hover_enabled=&#8221;off&#8221; button_two_text_color__hover_enabled=&#8221;off&#8221; button_border_width__hover_enabled=&#8221;off&#8221; button_one_border_width__hover_enabled=&#8221;off&#8221; button_two_border_width__hover_enabled=&#8221;off&#8221; button_border_color__hover_enabled=&#8221;off&#8221; button_one_border_color__hover_enabled=&#8221;off&#8221; button_two_border_color__hover_enabled=&#8221;off&#8221; button_border_radius__hover_enabled=&#8221;off&#8221; button_one_border_radius__hover_enabled=&#8221;off&#8221; button_two_border_radius__hover_enabled=&#8221;off&#8221; button_letter_spacing__hover_enabled=&#8221;off&#8221; button_one_letter_spacing__hover_enabled=&#8221;off&#8221; button_two_letter_spacing__hover_enabled=&#8221;off&#8221; button_bg_color__hover_enabled=&#8221;off&#8221; button_one_bg_color__hover_enabled=&#8221;off&#8221; button_two_bg_color__hover_enabled=&#8221;off&#8221;][\/et_pb_button][et_pb_image src=&#8221;https:\/\/restaurantcancarola.cat\/wp-content\/uploads\/2019\/05\/decorazione-3.png&#8221; align=&#8221;center&#8221; _builder_version=&#8221;3.0.74&#8243; custom_margin=&#8221;2%||0.2%|||&#8221; animation_style=&#8221;slide&#8221; animation_direction=&#8221;bottom&#8221; animation_duration=&#8221;500ms&#8221; animation_intensity_slide=&#8221;10%&#8221; animation=&#8221;bottom&#8221;][\/et_pb_image][et_pb_divider color=&#8221;ebae39&#8243; divider_weight=&#8221;2&#8243; disabled_on=&#8221;on|on|off&#8221; admin_label=&#8221;Line Divider&#8221; _builder_version=&#8221;3.2&#8243; height=&#8221;30&#8243; custom_margin=&#8221;2px||-4px|||&#8221; custom_css_main_element=&#8221;margin-top: 8% !important;&#8221;][\/et_pb_divider][et_pb_button button_url=&#8221;https:\/\/staging2.creativechildthemes.com\/foody\/menu\/&#8221; button_text=&#8221;View All Menu&#8221; button_alignment=&#8221;center&#8221; disabled_on=&#8221;off|off|on&#8221; admin_label=&#8221;Button (visible only mobile)&#8221; module_class=&#8221;button_custom&#8221; _builder_version=&#8221;3.16&#8243; button_icon=&#8221;%%3%%&#8221; button_icon_color=&#8221;#ffffff&#8221; button_text_size__hover_enabled=&#8221;off&#8221; button_one_text_size__hover_enabled=&#8221;off&#8221; button_two_text_size__hover_enabled=&#8221;off&#8221; button_text_color__hover_enabled=&#8221;off&#8221; button_one_text_color__hover_enabled=&#8221;off&#8221; button_two_text_color__hover_enabled=&#8221;off&#8221; button_border_width__hover_enabled=&#8221;off&#8221; button_one_border_width__hover_enabled=&#8221;off&#8221; button_two_border_width__hover_enabled=&#8221;off&#8221; button_border_color__hover_enabled=&#8221;off&#8221; button_one_border_color__hover_enabled=&#8221;off&#8221; button_two_border_color__hover_enabled=&#8221;off&#8221; button_border_radius__hover_enabled=&#8221;off&#8221; button_one_border_radius__hover_enabled=&#8221;off&#8221; button_two_border_radius__hover_enabled=&#8221;off&#8221; button_letter_spacing__hover_enabled=&#8221;off&#8221; button_one_letter_spacing__hover_enabled=&#8221;off&#8221; button_two_letter_spacing__hover_enabled=&#8221;off&#8221; button_bg_color__hover_enabled=&#8221;off&#8221; button_one_bg_color__hover_enabled=&#8221;off&#8221; button_two_bg_color__hover_enabled=&#8221;off&#8221;][\/et_pb_button][\/et_pb_column][\/et_pb_row][\/et_pb_section][et_pb_section fb_built=&#8221;1&#8243; custom_padding_last_edited=&#8221;on|desktop&#8221; disabled_on=&#8221;off|off|&#8221; admin_label=&#8221;Section Menu Grid&#8221; _builder_version=&#8221;3.22.3&#8243; background_color=&#8221;#ffffff&#8221; custom_padding=&#8221;2px|||||&#8221; custom_padding_tablet=&#8221;50px|0|50px|0&#8243; transparent_background=&#8221;off&#8221; padding_mobile=&#8221;off&#8221;][et_pb_row use_custom_gutter=&#8221;on&#8221; gutter_width=&#8221;1&#8243; custom_padding=&#8221;0px||0px|&#8221; padding_mobile=&#8221;on&#8221; custom_margin=&#8221;0px||0px|&#8221; make_equal=&#8221;on&#8221; column_padding_mobile=&#8221;on&#8221; custom_padding_last_edited=&#8221;off|desktop&#8221; parallax_method_1=&#8221;off&#8221; parallax_method_2=&#8221;off&#8221; parallax_method_3=&#8221;off&#8221; parallax_method_4=&#8221;off&#8221; admin_label=&#8221;Riga&#8221; module_class=&#8221;row_menu_grid&#8221; _builder_version=&#8221;3.22.3&#8243; background_color=&#8221;#ffffff&#8221; background_size=&#8221;initial&#8221; background_position=&#8221;top_left&#8221; background_repeat=&#8221;repeat&#8221; width=&#8221;70%&#8221; max_width=&#8221;70%&#8221; custom_margin_last_edited=&#8221;off|phone&#8221; custom_css_main_element=&#8221;-webkit-box-shadow: 1px 17px 40px 0px rgba(0, 0, 0, 0.1);||-moz-box-shadow: 1px 17px 40px 0px rgba(0, 0, 0, 0.1);||box-shadow: 1px 17px 40px 0px rgba(0, 0, 0, 0.1);&#8221; use_custom_width=&#8221;on&#8221; width_unit=&#8221;off&#8221; custom_width_percent=&#8221;70%&#8221;][et_pb_column type=&#8221;1_2&#8243; _builder_version=&#8221;3.0.47&#8243;][et_pb_image src=&#8221;https:\/\/restaurantcancarola.cat\/wp-content\/uploads\/2019\/05\/peus-de-porc-gratinats.jpg&#8221; show_in_lightbox=&#8221;on&#8221; align=&#8221;center&#8221; _builder_version=&#8221;3.22.7&#8243; animation_style=&#8221;slide&#8221; animation_direction=&#8221;bottom&#8221; animation_intensity_slide=&#8221;10%&#8221; animation=&#8221;bottom&#8221;][\/et_pb_image][et_pb_blurb title=&#8221;Revuelto de setas de temporada con carne picada&#8221; admin_label=&#8221;Blurb Menu Grid&#8221; module_class=&#8221;blurb_menu_grid&#8221; _builder_version=&#8221;3.22.7&#8243; header_font=&#8221;||||||||&#8221; header_font_size_last_edited=&#8221;off|desktop&#8221; background_size=&#8221;initial&#8221; background_position=&#8221;top_left&#8221; background_repeat=&#8221;repeat&#8221; custom_padding=&#8221;10%|10%|10%|10%&#8221;]Cuando la temporada de setas empieza, elaboramos nuestro propio revuelto de setas, un plato sencillo y delicioso.[\/et_pb_blurb][\/et_pb_column][et_pb_column type=&#8221;1_2&#8243; _builder_version=&#8221;3.0.47&#8243;][et_pb_blurb title=&#8221;Pies de cerdo gratinados&#8221; admin_label=&#8221;Blurb Menu Grid&#8221; module_class=&#8221;blurb_menu_grid&#8221; _builder_version=&#8221;3.22.7&#8243; header_font=&#8221;||||||||&#8221; header_font_size_last_edited=&#8221;off|phone&#8221; body_font=&#8221;||||||||&#8221; background_size=&#8221;initial&#8221; background_position=&#8221;top_left&#8221; background_repeat=&#8221;repeat&#8221; min_height=&#8221;289px&#8221; custom_padding=&#8221;10%|10%|10%|10%&#8221;]Elaboramos todos nuestros platos con una selecci\u00f3n de ingredientes de nuestra tierra (entre el Ripoll\u00e8s y Alt Empord\u00e0).[\/et_pb_blurb][et_pb_image src=&#8221;https:\/\/restaurantcancarola.cat\/wp-content\/uploads\/2019\/05\/trinxat-col-patata-cansalada.jpg&#8221; show_in_lightbox=&#8221;on&#8221; align=&#8221;center&#8221; _builder_version=&#8221;3.22.7&#8243; animation_style=&#8221;slide&#8221; animation_direction=&#8221;bottom&#8221; animation_intensity_slide=&#8221;10%&#8221;][\/et_pb_image][\/et_pb_column][\/et_pb_row][\/et_pb_section]\n","protected":false},"excerpt":{"rendered":"<p>\u00a0\u00a0\u00a0\u00a0\u00a0\u00a0 Men\u00fa diario \u00a0\u00a0\u00a0\u00a0\u00a0\u00a0\u00a0\u00a0\u00a0\u00a0 A escoger Trinxat (patata, col y panceta) Canelones Tostadas con anchoas Ensalada catalana Calamares a la romana Bistec de mediana Calamares a la placha Pies de cerdo gratinados Conejo a la brasa Butifarra de perol con jud\u00edas Postres, pan, vino y agua\u00a0 Cuando la temporada de setas empieza, elaboramos nuestro propio [&hellip;]<\/p>\n","protected":false},"author":1,"featured_media":0,"parent":0,"menu_order":0,"comment_status":"closed","ping_status":"closed","template":"","meta":{"_et_pb_use_builder":"on","_et_pb_old_content":"","_et_gb_content_width":"","footnotes":""},"class_list":["post-606","page","type-page","status-publish","hentry"],"yoast_head":"<!-- This site is optimized with the Yoast SEO plugin v27.2 - https:\/\/yoast.com\/product\/yoast-seo-wordpress\/ -->\n<title>Restaurante con men\u00fa diario cerca de Figueras | Restaurant Can Carola<\/title>\n<meta name=\"description\" content=\"En Can Carola ofrecemos men\u00fa diario con platos de cocina tradicional catalana. Estamos situados a 11 minutos de Figueras (7,2 km por la carretera de Vila-sacra).\" \/>\n<meta name=\"robots\" content=\"index, follow, max-snippet:-1, max-image-preview:large, max-video-preview:-1\" \/>\n<link rel=\"canonical\" href=\"https:\/\/restaurantcancarola.cat\/es\/menu\/\" \/>\n<meta property=\"og:locale\" content=\"es_ES\" \/>\n<meta property=\"og:type\" content=\"article\" \/>\n<meta property=\"og:title\" content=\"Restaurante con men\u00fa diario cerca de Figueras | Restaurant Can Carola\" \/>\n<meta property=\"og:description\" content=\"En Can Carola ofrecemos men\u00fa diario con platos de cocina tradicional catalana. Estamos situados a 11 minutos de Figueras (7,2 km por la carretera de Vila-sacra).\" \/>\n<meta property=\"og:url\" content=\"https:\/\/restaurantcancarola.cat\/es\/menu\/\" \/>\n<meta property=\"og:site_name\" content=\"Restaurant Can Carola\" \/>\n<meta property=\"article:publisher\" content=\"https:\/\/www.facebook.com\/restaurantcancarola\" \/>\n<meta property=\"article:modified_time\" content=\"2019-06-03T17:56:36+00:00\" \/>\n<meta name=\"twitter:card\" content=\"summary_large_image\" \/>\n<meta name=\"twitter:label1\" content=\"Tiempo de lectura\" \/>\n\t<meta name=\"twitter:data1\" content=\"8 minutos\" \/>\n<!-- \/ Yoast SEO plugin. -->","yoast_head_json":{"title":"Restaurante con men\u00fa diario cerca de Figueras | Restaurant Can Carola","description":"En Can Carola ofrecemos men\u00fa diario con platos de cocina tradicional catalana. Estamos situados a 11 minutos de Figueras (7,2 km por la carretera de Vila-sacra).","robots":{"index":"index","follow":"follow","max-snippet":"max-snippet:-1","max-image-preview":"max-image-preview:large","max-video-preview":"max-video-preview:-1"},"canonical":"https:\/\/restaurantcancarola.cat\/es\/menu\/","og_locale":"es_ES","og_type":"article","og_title":"Restaurante con men\u00fa diario cerca de Figueras | Restaurant Can Carola","og_description":"En Can Carola ofrecemos men\u00fa diario con platos de cocina tradicional catalana. Estamos situados a 11 minutos de Figueras (7,2 km por la carretera de Vila-sacra).","og_url":"https:\/\/restaurantcancarola.cat\/es\/menu\/","og_site_name":"Restaurant Can Carola","article_publisher":"https:\/\/www.facebook.com\/restaurantcancarola","article_modified_time":"2019-06-03T17:56:36+00:00","twitter_card":"summary_large_image","twitter_misc":{"Tiempo de lectura":"8 minutos"},"schema":{"@context":"https:\/\/schema.org","@graph":[{"@type":"WebPage","@id":"https:\/\/restaurantcancarola.cat\/es\/menu\/","url":"https:\/\/restaurantcancarola.cat\/es\/menu\/","name":"Restaurante con men\u00fa diario cerca de Figueras | Restaurant Can Carola","isPartOf":{"@id":"https:\/\/restaurantcancarola.cat\/#website"},"datePublished":"2019-05-19T08:29:15+00:00","dateModified":"2019-06-03T17:56:36+00:00","description":"En Can Carola ofrecemos men\u00fa diario con platos de cocina tradicional catalana. Estamos situados a 11 minutos de Figueras (7,2 km por la carretera de Vila-sacra).","breadcrumb":{"@id":"https:\/\/restaurantcancarola.cat\/es\/menu\/#breadcrumb"},"inLanguage":"es","potentialAction":[{"@type":"ReadAction","target":["https:\/\/restaurantcancarola.cat\/es\/menu\/"]}]},{"@type":"BreadcrumbList","@id":"https:\/\/restaurantcancarola.cat\/es\/menu\/#breadcrumb","itemListElement":[{"@type":"ListItem","position":1,"name":"Home","item":"https:\/\/restaurantcancarola.cat\/"},{"@type":"ListItem","position":2,"name":"Men\u00fa"}]},{"@type":"WebSite","@id":"https:\/\/restaurantcancarola.cat\/#website","url":"https:\/\/restaurantcancarola.cat\/","name":"Restaurant Can Carola","description":"Cuina tradicional catalana","publisher":{"@id":"https:\/\/restaurantcancarola.cat\/#organization"},"potentialAction":[{"@type":"SearchAction","target":{"@type":"EntryPoint","urlTemplate":"https:\/\/restaurantcancarola.cat\/?s={search_term_string}"},"query-input":{"@type":"PropertyValueSpecification","valueRequired":true,"valueName":"search_term_string"}}],"inLanguage":"es"},{"@type":"Organization","@id":"https:\/\/restaurantcancarola.cat\/#organization","name":"Restaurant Can Carola","url":"https:\/\/restaurantcancarola.cat\/","logo":{"@type":"ImageObject","inLanguage":"es","@id":"https:\/\/restaurantcancarola.cat\/#\/schema\/logo\/image\/","url":"https:\/\/restaurantcancarola.cat\/wp-content\/uploads\/2019\/05\/logo-cancarola.png","contentUrl":"https:\/\/restaurantcancarola.cat\/wp-content\/uploads\/2019\/05\/logo-cancarola.png","width":200,"height":72,"caption":"Restaurant Can Carola"},"image":{"@id":"https:\/\/restaurantcancarola.cat\/#\/schema\/logo\/image\/"},"sameAs":["https:\/\/www.facebook.com\/restaurantcancarola","https:\/\/www.instagram.com\/restaurantcancarola\/"]}]}},"_links":{"self":[{"href":"https:\/\/restaurantcancarola.cat\/es\/wp-json\/wp\/v2\/pages\/606","targetHints":{"allow":["GET"]}}],"collection":[{"href":"https:\/\/restaurantcancarola.cat\/es\/wp-json\/wp\/v2\/pages"}],"about":[{"href":"https:\/\/restaurantcancarola.cat\/es\/wp-json\/wp\/v2\/types\/page"}],"author":[{"embeddable":true,"href":"https:\/\/restaurantcancarola.cat\/es\/wp-json\/wp\/v2\/users\/1"}],"replies":[{"embeddable":true,"href":"https:\/\/restaurantcancarola.cat\/es\/wp-json\/wp\/v2\/comments?post=606"}],"version-history":[{"count":0,"href":"https:\/\/restaurantcancarola.cat\/es\/wp-json\/wp\/v2\/pages\/606\/revisions"}],"wp:attachment":[{"href":"https:\/\/restaurantcancarola.cat\/es\/wp-json\/wp\/v2\/media?parent=606"}],"curies":[{"name":"wp","href":"https:\/\/api.w.org\/{rel}","templated":true}]}}